{"id":7970,"date":"2020-11-02T19:21:33","date_gmt":"2020-11-02T19:21:33","guid":{"rendered":"http:\/\/brunosassarone.com\/photo\/?page_id=7970"},"modified":"2026-04-16T08:34:24","modified_gmt":"2026-04-16T08:34:24","slug":"accueil","status":"publish","type":"page","link":"https:\/\/brunosassarone.com\/photo\/","title":{"rendered":"Accueil"},"content":{"rendered":"\n<figure class=\"wp-block-gallery aligncenter has-nested-images columns-default is-cropped wp-block-gallery-1 is-layout-flex wp-block-gallery-is-layout-flex\">\n<figure class=\"wp-block-image size-full\"><img loading=\"lazy\" decoding=\"async\" width=\"2560\" height=\"1920\" data-id=\"10133\" src=\"https:\/\/brunosassarone.com\/photo\/wp-content\/uploads\/2024\/01\/IMG_4815-scaled.jpg\" alt=\"\" class=\"wp-image-10133\" srcset=\"https:\/\/brunosassarone.com\/photo\/wp-content\/uploads\/2024\/01\/IMG_4815-scaled.jpg 2560w, https:\/\/brunosassarone.com\/photo\/wp-content\/uploads\/2024\/01\/IMG_4815-300x225.jpg 300w, https:\/\/brunosassarone.com\/photo\/wp-content\/uploads\/2024\/01\/IMG_4815-1024x768.jpg 1024w, https:\/\/brunosassarone.com\/photo\/wp-content\/uploads\/2024\/01\/IMG_4815-768x576.jpg 768w, https:\/\/brunosassarone.com\/photo\/wp-content\/uploads\/2024\/01\/IMG_4815-1536x1152.jpg 1536w, https:\/\/brunosassarone.com\/photo\/wp-content\/uploads\/2024\/01\/IMG_4815-2048x1536.jpg 2048w\" sizes=\"auto, (max-width: 2560px) 100vw, 2560px\" \/><\/figure>\n<\/figure>\n\n\n\n<p><\/p>\n","protected":false},"excerpt":{"rendered":"","protected":false},"author":1,"featured_media":0,"parent":0,"menu_order":1,"comment_status":"closed","ping_status":"closed","template":"","meta":{"footnotes":""},"class_list":["post-7970","page","type-page","status-publish","hentry"],"yoast_head":"<!-- This site is optimized with the Yoast SEO plugin v27.4 - https:\/\/yoast.com\/product\/yoast-seo-wordpress\/ -->\n<title>Bruno Sassarone - Artiste photographe<\/title>\n<meta name=\"description\" content=\"Ouvres d&#039;art photographiques originales r\u00e9alis\u00e9es au Moyen Format, sign\u00e9es, dat\u00e9es et num\u00e9rot\u00e9es en \u00e9dition limit\u00e9e \u00e0 9 exemplaires, tous formats confondus. Original photographic works of art produced in Medium Format, signed, dated and numbered in a limited edition of 9 copies, all formats combined.\" \/>\n<meta name=\"robots\" content=\"index, follow, max-snippet:-1, max-image-preview:large, max-video-preview:-1\" \/>\n<link rel=\"canonical\" href=\"https:\/\/brunosassarone.com\/photo\/\" \/>\n<meta property=\"og:locale\" content=\"fr_FR\" \/>\n<meta property=\"og:type\" content=\"article\" \/>\n<meta property=\"og:title\" content=\"Bruno Sassarone - Artiste photographe\" \/>\n<meta property=\"og:description\" content=\"Ouvres d&#039;art photographiques originales r\u00e9alis\u00e9es au Moyen Format, sign\u00e9es, dat\u00e9es et num\u00e9rot\u00e9es en \u00e9dition limit\u00e9e \u00e0 9 exemplaires, tous formats confondus. Original photographic works of art produced in Medium Format, signed, dated and numbered in a limited edition of 9 copies, all formats combined.\" \/>\n<meta property=\"og:url\" content=\"https:\/\/brunosassarone.com\/photo\/\" \/>\n<meta property=\"og:site_name\" content=\"Bruno Sassarone\" \/>\n<meta property=\"article:modified_time\" content=\"2026-04-16T08:34:24+00:00\" \/>\n<meta property=\"og:image\" content=\"https:\/\/brunosassarone.com\/photo\/wp-content\/uploads\/2024\/01\/IMG_4815-scaled.jpg\" \/>\n\t<meta property=\"og:image:width\" content=\"2560\" \/>\n\t<meta property=\"og:image:height\" content=\"1920\" \/>\n\t<meta property=\"og:image:type\" content=\"image\/jpeg\" \/>\n<meta name=\"twitter:card\" content=\"summary_large_image\" \/>\n<meta name=\"twitter:label1\" content=\"Dur\u00e9e de lecture estim\u00e9e\" \/>\n\t<meta name=\"twitter:data1\" content=\"1 minute\" \/>\n<script type=\"application\/ld+json\" class=\"yoast-schema-graph\">{\"@context\":\"https:\\\/\\\/schema.org\",\"@graph\":[{\"@type\":\"WebPage\",\"@id\":\"https:\\\/\\\/brunosassarone.com\\\/photo\\\/\",\"url\":\"https:\\\/\\\/brunosassarone.com\\\/photo\\\/\",\"name\":\"Bruno Sassarone - Artiste photographe\",\"isPartOf\":{\"@id\":\"https:\\\/\\\/brunosassarone.com\\\/photo\\\/#website\"},\"primaryImageOfPage\":{\"@id\":\"https:\\\/\\\/brunosassarone.com\\\/photo\\\/#primaryimage\"},\"image\":{\"@id\":\"https:\\\/\\\/brunosassarone.com\\\/photo\\\/#primaryimage\"},\"thumbnailUrl\":\"https:\\\/\\\/brunosassarone.com\\\/photo\\\/wp-content\\\/uploads\\\/2024\\\/01\\\/IMG_4815-scaled.jpg\",\"datePublished\":\"2020-11-02T19:21:33+00:00\",\"dateModified\":\"2026-04-16T08:34:24+00:00\",\"description\":\"Ouvres d'art photographiques originales r\u00e9alis\u00e9es au Moyen Format, sign\u00e9es, dat\u00e9es et num\u00e9rot\u00e9es en \u00e9dition limit\u00e9e \u00e0 9 exemplaires, tous formats confondus. Original photographic works of art produced in Medium Format, signed, dated and numbered in a limited edition of 9 copies, all formats combined.\",\"breadcrumb\":{\"@id\":\"https:\\\/\\\/brunosassarone.com\\\/photo\\\/#breadcrumb\"},\"inLanguage\":\"fr-FR\",\"potentialAction\":[{\"@type\":\"ReadAction\",\"target\":[\"https:\\\/\\\/brunosassarone.com\\\/photo\\\/\"]}]},{\"@type\":\"ImageObject\",\"inLanguage\":\"fr-FR\",\"@id\":\"https:\\\/\\\/brunosassarone.com\\\/photo\\\/#primaryimage\",\"url\":\"https:\\\/\\\/brunosassarone.com\\\/photo\\\/wp-content\\\/uploads\\\/2024\\\/01\\\/IMG_4815-scaled.jpg\",\"contentUrl\":\"https:\\\/\\\/brunosassarone.com\\\/photo\\\/wp-content\\\/uploads\\\/2024\\\/01\\\/IMG_4815-scaled.jpg\",\"width\":2560,\"height\":1920},{\"@type\":\"BreadcrumbList\",\"@id\":\"https:\\\/\\\/brunosassarone.com\\\/photo\\\/#breadcrumb\",\"itemListElement\":[{\"@type\":\"ListItem\",\"position\":1,\"name\":\"Accueil\",\"item\":\"https:\\\/\\\/brunosassarone.com\\\/photo\\\/\"},{\"@type\":\"ListItem\",\"position\":2,\"name\":\"Accueil\"}]},{\"@type\":\"WebSite\",\"@id\":\"https:\\\/\\\/brunosassarone.com\\\/photo\\\/#website\",\"url\":\"https:\\\/\\\/brunosassarone.com\\\/photo\\\/\",\"name\":\"Bruno Sassarone\",\"description\":\"Artiste photographe\",\"publisher\":{\"@id\":\"https:\\\/\\\/brunosassarone.com\\\/photo\\\/#\\\/schema\\\/person\\\/9bb5c89b48425523dd8854e36d33582c\"},\"potentialAction\":[{\"@type\":\"SearchAction\",\"target\":{\"@type\":\"EntryPoint\",\"urlTemplate\":\"https:\\\/\\\/brunosassarone.com\\\/photo\\\/?s={search_term_string}\"},\"query-input\":{\"@type\":\"PropertyValueSpecification\",\"valueRequired\":true,\"valueName\":\"search_term_string\"}}],\"inLanguage\":\"fr-FR\"},{\"@type\":[\"Person\",\"Organization\"],\"@id\":\"https:\\\/\\\/brunosassarone.com\\\/photo\\\/#\\\/schema\\\/person\\\/9bb5c89b48425523dd8854e36d33582c\",\"name\":\"Bruno\",\"image\":{\"@type\":\"ImageObject\",\"inLanguage\":\"fr-FR\",\"@id\":\"https:\\\/\\\/brunosassarone.com\\\/photo\\\/wp-content\\\/uploads\\\/2021\\\/02\\\/cropped-133678055_232491678412944_5639627243971080864_n.jpg\",\"url\":\"https:\\\/\\\/brunosassarone.com\\\/photo\\\/wp-content\\\/uploads\\\/2021\\\/02\\\/cropped-133678055_232491678412944_5639627243971080864_n.jpg\",\"contentUrl\":\"https:\\\/\\\/brunosassarone.com\\\/photo\\\/wp-content\\\/uploads\\\/2021\\\/02\\\/cropped-133678055_232491678412944_5639627243971080864_n.jpg\",\"width\":320,\"height\":320,\"caption\":\"Bruno\"},\"logo\":{\"@id\":\"https:\\\/\\\/brunosassarone.com\\\/photo\\\/wp-content\\\/uploads\\\/2021\\\/02\\\/cropped-133678055_232491678412944_5639627243971080864_n.jpg\"},\"sameAs\":[\"https:\\\/\\\/brunosassarone.com\",\"https:\\\/\\\/www.instagram.com\\\/brunosassarone\",\"https:\\\/\\\/www.linkedin.com\\\/in\\\/bruno-sassarone-3558b21a6\",\"https:\\\/\\\/www.youtube.com\\\/channel\\\/UCGLw9-_FdYHX0vQrhO3mVKQ\"]}]}<\/script>\n<!-- \/ Yoast SEO plugin. -->","yoast_head_json":{"title":"Bruno Sassarone - Artiste photographe","description":"Ouvres d'art photographiques originales r\u00e9alis\u00e9es au Moyen Format, sign\u00e9es, dat\u00e9es et num\u00e9rot\u00e9es en \u00e9dition limit\u00e9e \u00e0 9 exemplaires, tous formats confondus. Original photographic works of art produced in Medium Format, signed, dated and numbered in a limited edition of 9 copies, all formats combined.","robots":{"index":"index","follow":"follow","max-snippet":"max-snippet:-1","max-image-preview":"max-image-preview:large","max-video-preview":"max-video-preview:-1"},"canonical":"https:\/\/brunosassarone.com\/photo\/","og_locale":"fr_FR","og_type":"article","og_title":"Bruno Sassarone - Artiste photographe","og_description":"Ouvres d'art photographiques originales r\u00e9alis\u00e9es au Moyen Format, sign\u00e9es, dat\u00e9es et num\u00e9rot\u00e9es en \u00e9dition limit\u00e9e \u00e0 9 exemplaires, tous formats confondus. Original photographic works of art produced in Medium Format, signed, dated and numbered in a limited edition of 9 copies, all formats combined.","og_url":"https:\/\/brunosassarone.com\/photo\/","og_site_name":"Bruno Sassarone","article_modified_time":"2026-04-16T08:34:24+00:00","og_image":[{"width":2560,"height":1920,"url":"https:\/\/brunosassarone.com\/photo\/wp-content\/uploads\/2024\/01\/IMG_4815-scaled.jpg","type":"image\/jpeg"}],"twitter_card":"summary_large_image","twitter_misc":{"Dur\u00e9e de lecture estim\u00e9e":"1 minute"},"schema":{"@context":"https:\/\/schema.org","@graph":[{"@type":"WebPage","@id":"https:\/\/brunosassarone.com\/photo\/","url":"https:\/\/brunosassarone.com\/photo\/","name":"Bruno Sassarone - Artiste photographe","isPartOf":{"@id":"https:\/\/brunosassarone.com\/photo\/#website"},"primaryImageOfPage":{"@id":"https:\/\/brunosassarone.com\/photo\/#primaryimage"},"image":{"@id":"https:\/\/brunosassarone.com\/photo\/#primaryimage"},"thumbnailUrl":"https:\/\/brunosassarone.com\/photo\/wp-content\/uploads\/2024\/01\/IMG_4815-scaled.jpg","datePublished":"2020-11-02T19:21:33+00:00","dateModified":"2026-04-16T08:34:24+00:00","description":"Ouvres d'art photographiques originales r\u00e9alis\u00e9es au Moyen Format, sign\u00e9es, dat\u00e9es et num\u00e9rot\u00e9es en \u00e9dition limit\u00e9e \u00e0 9 exemplaires, tous formats confondus. Original photographic works of art produced in Medium Format, signed, dated and numbered in a limited edition of 9 copies, all formats combined.","breadcrumb":{"@id":"https:\/\/brunosassarone.com\/photo\/#breadcrumb"},"inLanguage":"fr-FR","potentialAction":[{"@type":"ReadAction","target":["https:\/\/brunosassarone.com\/photo\/"]}]},{"@type":"ImageObject","inLanguage":"fr-FR","@id":"https:\/\/brunosassarone.com\/photo\/#primaryimage","url":"https:\/\/brunosassarone.com\/photo\/wp-content\/uploads\/2024\/01\/IMG_4815-scaled.jpg","contentUrl":"https:\/\/brunosassarone.com\/photo\/wp-content\/uploads\/2024\/01\/IMG_4815-scaled.jpg","width":2560,"height":1920},{"@type":"BreadcrumbList","@id":"https:\/\/brunosassarone.com\/photo\/#breadcrumb","itemListElement":[{"@type":"ListItem","position":1,"name":"Accueil","item":"https:\/\/brunosassarone.com\/photo\/"},{"@type":"ListItem","position":2,"name":"Accueil"}]},{"@type":"WebSite","@id":"https:\/\/brunosassarone.com\/photo\/#website","url":"https:\/\/brunosassarone.com\/photo\/","name":"Bruno Sassarone","description":"Artiste photographe","publisher":{"@id":"https:\/\/brunosassarone.com\/photo\/#\/schema\/person\/9bb5c89b48425523dd8854e36d33582c"},"potentialAction":[{"@type":"SearchAction","target":{"@type":"EntryPoint","urlTemplate":"https:\/\/brunosassarone.com\/photo\/?s={search_term_string}"},"query-input":{"@type":"PropertyValueSpecification","valueRequired":true,"valueName":"search_term_string"}}],"inLanguage":"fr-FR"},{"@type":["Person","Organization"],"@id":"https:\/\/brunosassarone.com\/photo\/#\/schema\/person\/9bb5c89b48425523dd8854e36d33582c","name":"Bruno","image":{"@type":"ImageObject","inLanguage":"fr-FR","@id":"https:\/\/brunosassarone.com\/photo\/wp-content\/uploads\/2021\/02\/cropped-133678055_232491678412944_5639627243971080864_n.jpg","url":"https:\/\/brunosassarone.com\/photo\/wp-content\/uploads\/2021\/02\/cropped-133678055_232491678412944_5639627243971080864_n.jpg","contentUrl":"https:\/\/brunosassarone.com\/photo\/wp-content\/uploads\/2021\/02\/cropped-133678055_232491678412944_5639627243971080864_n.jpg","width":320,"height":320,"caption":"Bruno"},"logo":{"@id":"https:\/\/brunosassarone.com\/photo\/wp-content\/uploads\/2021\/02\/cropped-133678055_232491678412944_5639627243971080864_n.jpg"},"sameAs":["https:\/\/brunosassarone.com","https:\/\/www.instagram.com\/brunosassarone","https:\/\/www.linkedin.com\/in\/bruno-sassarone-3558b21a6","https:\/\/www.youtube.com\/channel\/UCGLw9-_FdYHX0vQrhO3mVKQ"]}]}},"_links":{"self":[{"href":"https:\/\/brunosassarone.com\/photo\/wp-json\/wp\/v2\/pages\/7970","targetHints":{"allow":["GET"]}}],"collection":[{"href":"https:\/\/brunosassarone.com\/photo\/wp-json\/wp\/v2\/pages"}],"about":[{"href":"https:\/\/brunosassarone.com\/photo\/wp-json\/wp\/v2\/types\/page"}],"author":[{"embeddable":true,"href":"https:\/\/brunosassarone.com\/photo\/wp-json\/wp\/v2\/users\/1"}],"replies":[{"embeddable":true,"href":"https:\/\/brunosassarone.com\/photo\/wp-json\/wp\/v2\/comments?post=7970"}],"version-history":[{"count":294,"href":"https:\/\/brunosassarone.com\/photo\/wp-json\/wp\/v2\/pages\/7970\/revisions"}],"predecessor-version":[{"id":10757,"href":"https:\/\/brunosassarone.com\/photo\/wp-json\/wp\/v2\/pages\/7970\/revisions\/10757"}],"wp:attachment":[{"href":"https:\/\/brunosassarone.com\/photo\/wp-json\/wp\/v2\/media?parent=7970"}],"curies":[{"name":"wp","href":"https:\/\/api.w.org\/{rel}","templated":true}]}}